{"id":58,"date":"2026-04-02T21:52:31","date_gmt":"2026-04-02T21:52:31","guid":{"rendered":"https:\/\/www.shaolinfranceofficiel.com\/?page_id=58"},"modified":"2026-04-02T21:52:31","modified_gmt":"2026-04-02T21:52:31","slug":"michael-duchet-yan-hua-ju-shi","status":"publish","type":"page","link":"http:\/\/www.shaolinfranceofficiel.com\/index.php\/michael-duchet-yan-hua-ju-shi\/","title":{"rendered":"Michael DUCHET (Yan Hua Ju Shi)"},"content":{"rendered":"\n<p>Il d\u00e9bute les arts martiaux chinois en 1996, dans une \u00e9cole traditionnelle en Normandie. Passionn\u00e9 d\u2019abord par le mouvement, Il d\u00e9couvre peu \u00e0 peu l\u2019univers des arts martiaux traditionnel chinois.<\/p>\n\n\n\n<p>Lorsqu\u2019une \u00e9cole ouvre dans sa ville, en 1999,&nbsp;&nbsp;il s\u2019y investit, commence \u00e0 enseigner tout en pr\u00e9parant les examens de ceinture noire et dipl\u00f4me d\u2019instructeur f\u00e9d\u00e9ral.<\/p>\n\n\n\n<p>A partir de 2001, il enchaine ensuite les comp\u00e9titions, de l\u2019interclub au championnat d\u00e9partementale, puis r\u00e9gional. En 2003, il est champion de France avec le tri-b\u00e2ton, cat\u00e9gorie arme articul\u00e9es. En 2005, champion r\u00e9gional en boxe du sud, cat\u00e9gorie impos\u00e9e.<\/p>\n\n\n\n<p>Il constitut une \u00e9quipe de d\u00e9monstration, et enchaine les \u0153uvres caritatives, avec le t\u00e9l\u00e9thon, la croix rouge, le secours populaire, les associations locales d\u2019aide \u00e0 la r\u00e9insertion, ou groupe de travail pour l\u2019inclusion des personnes handicap\u00e9es.<\/p>\n\n\n\n<p>Il participe en Juin 2006, \u00e0 la s\u00e9lection France du programme \u00ab&nbsp;Kung-Fu star&nbsp;\u00bb, et sera post s\u00e9lectionn\u00e9 pour pr\u00e9parer une s\u00e9rie d\u2019\u00e9mission et une final t\u00e9l\u00e9vis\u00e9 en Chine, en Septembre. Michael finit dans le top 18 sur 36, moiti\u00e9 locale, moiti\u00e9 internationale.<\/p>\n\n\n\n<p>En 2007, se d\u00e9roule les Champion d\u2019Europe Kung fu Shaolin organis\u00e9 en circuit ind\u00e9pendant. Michael est champion en main nues, style imitatif avec la mante religieuse et arme courte avec l\u2019\u00e9p\u00e9e.<\/p>\n\n\n\n<p>Michael, avec son \u00e9pouse, d\u00e9cide de partir vivre en Chine, \u00e0 P\u00e9kin. Une nouvelle vie commence. Devenant professeur d\u2019anglais, c\u2019est avec ses \u00e9l\u00e8ves, de la maternelle \u00e0 l\u2019universit\u00e9, qu\u2019il perfectionne le mandarin. Il se pr\u00e9pare doucement \u00e0 prendre refuge au temple Shaolin.<\/p>\n\n\n\n<p>C\u2019est en 2010,&nbsp;&nbsp;sur recommandation d\u2019un des organisateurs de la comp\u00e9tition \u00ab&nbsp;Kung-Fu Star&nbsp;\u00bb, qu\u2019il est pr\u00e9sent\u00e9 \u00e0 l\u2019abb\u00e9 Shi Yong Xin, qui l\u2019accepte comme disciple la\u00efque, avec pour nom dharmique Yan Hua (34\u00e8 g\u00e9n\u00e9ration des disciples du temple Shaolin). Sa prise de refuge se fait \u00e0 huit clos, selon sa volont\u00e9.<\/p>\n\n\n\n<p>Michael r\u00e9alise un r\u00eave d\u2019enfant, il fait du cin\u00e9ma. Devient com\u00e9dien-cascadeur dans plusieurs productions aussi bien ind\u00e9pendante que nationale pour les films suivants&nbsp;:<\/p>\n\n\n\n<ul class=\"wp-block-list\">\n<li>\u00ab\u00a0Tai Ji Hero\u00a0\u00bb<\/li>\n\n\n\n<li>\u00ab\u00a0The Kungfu Master\u00a0\u00bb<\/li>\n\n\n\n<li>\u00ab\u00a0Old Boys the way of the dragon\u201d<\/li>\n\n\n\n<li>\u201cDragon Blade\u201d<\/li>\n\n\n\n<li>\u201cTime Raiders\u201d<\/li>\n<\/ul>\n\n\n\n<p>De retour en France en 2016, install\u00e9 d\u2019abord en Normandie2019, L\u2019institut Fran\u00e7ais de la Culture Shaolin est cr\u00e9\u00e9, en relation avec l\u2019institut bouddhisme Linh Son de Vitry Sur Seine, si\u00e8ge de l\u2019union Bouddhiste de France, supervis\u00e9 par l\u2019officier de liaison du monde bouddhiste de l\u2019UNESCO, le v\u00e9n\u00e9rable Dhammaratana.<\/p>\n\n\n\n<p>Michael int\u00e8gre \u00e9galement la F\u00e9d\u00e9ration Wushu France, en tant que responsable national du Kung Fu Shaolin. En 2019, il est champion de Kung-fu traditionnel au Moscou Wushu star, et m\u00eame r\u00e9sultat pour le tournoi Acropolis \u00e0 Ath\u00e8nes en 2021.<\/p>\n\n\n\n<p>En 2021, \u00e0 la demande de l\u2019abb\u00e9 Shi Yong Xin, Micha\u00ebl reprend l\u2019organisation du Centre Culturel de Temple Shaolin en France. Il r\u00e9unit des \u00e9coles en groupe de travail pour faciliter la promotion de la culture Shaolin, sans devenir organe f\u00e9d\u00e9ral.<\/p>\n\n\n\n<p>Avec l\u2019organisation des \u00ab&nbsp;Shaolin Games&nbsp;\u00bb sur chaque continents, l\u2019association Europ\u00e9enne Shaolin, transf\u00e9r\u00e9 de Berlin \u00e0 Vienne, red\u00e9finit les responsabilit\u00e9s et Micha\u00ebl devient l\u2019un des vice-pr\u00e9sidents, lors du tournoi europ\u00e9en, organis\u00e9 \u00e0 Venise, en Italie.<\/p>\n\n\n\n<p>En 2024, Michael est de nouveau champion d\u2019Europe de Kung-fu Shaolin en circuit ind\u00e9pendant, soutenu par la f\u00e9d\u00e9ration hell\u00e9nique et europ\u00e9enne du Wushu.<\/p>\n\n\n\n<p>Depuis 2025, le Centre Culturel du Temple Shaolin en France, compte plusieurs groupes de travail, aussi bien en m\u00e9tropole&nbsp;:<\/p>\n\n\n\n<p>Shaolin Romainville (93), Peyrolles en Provence (13), Loriol du Comtat (84), Etaux (74), Villeneuve d\u2019Ascq (59).<\/p>\n\n\n\n<p>En outre-mer, La R\u00e9union&nbsp;&nbsp;&nbsp;(974), Tahiti (987).<\/p>\n\n\n\n<p>Comptant aussi les \u00e9changes francophones avec les \u00e9coles et f\u00e9d\u00e9rations au &nbsp;: S\u00e9n\u00e9gal, Cote d\u2019Ivoire, Cameroun, B\u00e9nin, Gabon, Congo et Djibouti.&nbsp;<\/p>\n\n\n\n<figure class=\"wp-block-gallery has-nested-images columns-default is-cropped wp-block-gallery-1 is-layout-flex wp-block-gallery-is-layout-flex\">\n<figure class=\"wp-block-image size-large\"><img loading=\"lazy\" decoding=\"async\" width=\"540\" height=\"960\" data-id=\"62\" src=\"https:\/\/www.shaolinfranceofficiel.com\/wp-content\/uploads\/2026\/04\/photo_2026-04-02-23.50.37.jpeg\" alt=\"\" class=\"wp-image-62\" srcset=\"http:\/\/www.shaolinfranceofficiel.com\/wp-content\/uploads\/2026\/04\/photo_2026-04-02-23.50.37.jpeg 540w, http:\/\/www.shaolinfranceofficiel.com\/wp-content\/uploads\/2026\/04\/photo_2026-04-02-23.50.37-169x300.jpeg 169w\" sizes=\"auto, (max-width: 540px) 100vw, 540px\" \/><\/figure>\n\n\n\n<figure class=\"wp-block-image size-large\"><img loading=\"lazy\" decoding=\"async\" width=\"395\" height=\"395\" data-id=\"61\" src=\"https:\/\/www.shaolinfranceofficiel.com\/wp-content\/uploads\/2026\/04\/photo_2026-04-02-23.50.34.jpeg\" alt=\"\" class=\"wp-image-61\" srcset=\"http:\/\/www.shaolinfranceofficiel.com\/wp-content\/uploads\/2026\/04\/photo_2026-04-02-23.50.34.jpeg 395w, http:\/\/www.shaolinfranceofficiel.com\/wp-content\/uploads\/2026\/04\/photo_2026-04-02-23.50.34-300x300.jpeg 300w, http:\/\/www.shaolinfranceofficiel.com\/wp-content\/uploads\/2026\/04\/photo_2026-04-02-23.50.34-150x150.jpeg 150w\" sizes=\"auto, (max-width: 395px) 100vw, 395px\" \/><\/figure>\n\n\n\n<figure class=\"wp-block-image size-large\"><img loading=\"lazy\" decoding=\"async\" width=\"395\" height=\"395\" data-id=\"59\" src=\"https:\/\/www.shaolinfranceofficiel.com\/wp-content\/uploads\/2026\/04\/photo_2026-04-02-23.50.36.jpeg\" alt=\"\" class=\"wp-image-59\" srcset=\"http:\/\/www.shaolinfranceofficiel.com\/wp-content\/uploads\/2026\/04\/photo_2026-04-02-23.50.36.jpeg 395w, http:\/\/www.shaolinfranceofficiel.com\/wp-content\/uploads\/2026\/04\/photo_2026-04-02-23.50.36-300x300.jpeg 300w, http:\/\/www.shaolinfranceofficiel.com\/wp-content\/uploads\/2026\/04\/photo_2026-04-02-23.50.36-150x150.jpeg 150w\" sizes=\"auto, (max-width: 395px) 100vw, 395px\" \/><\/figure>\n<\/figure>\n","protected":false},"excerpt":{"rendered":"<p>Il d\u00e9bute les arts martiaux chinois en 1996, dans une \u00e9cole traditionnelle en Normandie. Passionn\u00e9 d\u2019abord par le mouvement, Il [&hellip;]<\/p>\n","protected":false},"author":1,"featured_media":0,"parent":0,"menu_order":0,"comment_status":"closed","ping_status":"closed","template":"","meta":{"site-sidebar-layout":"default","site-content-layout":"","ast-site-content-layout":"default","site-content-style":"default","site-sidebar-style":"default","ast-global-header-display":"","ast-banner-title-visibility":"","ast-main-header-display":"","ast-hfb-above-header-display":"","ast-hfb-below-header-display":"","ast-hfb-mobile-header-display":"","site-post-title":"","ast-breadcrumbs-content":"","ast-featured-img":"","footer-sml-layout":"","theme-transparent-header-meta":"","adv-header-id-meta":"","stick-header-meta":"","header-above-stick-meta":"","header-main-stick-meta":"","header-below-stick-meta":"","astra-migrate-meta-layouts":"default","ast-page-background-enabled":"default","ast-page-background-meta":{"desktop":{"background-color":"var(--ast-global-color-5)","background-image":"","background-repeat":"repeat","background-position":"center center","background-size":"auto","background-attachment":"scroll","background-type":"","background-media":"","overlay-type":"","overlay-color":"","overlay-opacity":"","overlay-gradient":""},"tablet":{"background-color":"","background-image":"","background-repeat":"repeat","background-position":"center center","background-size":"auto","background-attachment":"scroll","background-type":"","background-media":"","overlay-type":"","overlay-color":"","overlay-opacity":"","overlay-gradient":""},"mobile":{"background-color":"","background-image":"","background-repeat":"repeat","background-position":"center center","background-size":"auto","background-attachment":"scroll","background-type":"","background-media":"","overlay-type":"","overlay-color":"","overlay-opacity":"","overlay-gradient":""}},"ast-content-background-meta":{"desktop":{"background-color":"var(--ast-global-color-4)","background-image":"","background-repeat":"repeat","background-position":"center center","background-size":"auto","background-attachment":"scroll","background-type":"","background-media":"","overlay-type":"","overlay-color":"","overlay-opacity":"","overlay-gradient":""},"tablet":{"background-color":"var(--ast-global-color-4)","background-image":"","background-repeat":"repeat","background-position":"center center","background-size":"auto","background-attachment":"scroll","background-type":"","background-media":"","overlay-type":"","overlay-color":"","overlay-opacity":"","overlay-gradient":""},"mobile":{"background-color":"var(--ast-global-color-4)","background-image":"","background-repeat":"repeat","background-position":"center center","background-size":"auto","background-attachment":"scroll","background-type":"","background-media":"","overlay-type":"","overlay-color":"","overlay-opacity":"","overlay-gradient":""}},"footnotes":""},"class_list":["post-58","page","type-page","status-publish","hentry"],"_links":{"self":[{"href":"http:\/\/www.shaolinfranceofficiel.com\/index.php\/wp-json\/wp\/v2\/pages\/58","targetHints":{"allow":["GET"]}}],"collection":[{"href":"http:\/\/www.shaolinfranceofficiel.com\/index.php\/wp-json\/wp\/v2\/pages"}],"about":[{"href":"http:\/\/www.shaolinfranceofficiel.com\/index.php\/wp-json\/wp\/v2\/types\/page"}],"author":[{"embeddable":true,"href":"http:\/\/www.shaolinfranceofficiel.com\/index.php\/wp-json\/wp\/v2\/users\/1"}],"replies":[{"embeddable":true,"href":"http:\/\/www.shaolinfranceofficiel.com\/index.php\/wp-json\/wp\/v2\/comments?post=58"}],"version-history":[{"count":1,"href":"http:\/\/www.shaolinfranceofficiel.com\/index.php\/wp-json\/wp\/v2\/pages\/58\/revisions"}],"predecessor-version":[{"id":65,"href":"http:\/\/www.shaolinfranceofficiel.com\/index.php\/wp-json\/wp\/v2\/pages\/58\/revisions\/65"}],"wp:attachment":[{"href":"http:\/\/www.shaolinfranceofficiel.com\/index.php\/wp-json\/wp\/v2\/media?parent=58"}],"curies":[{"name":"wp","href":"https:\/\/api.w.org\/{rel}","templated":true}]}}